{"id":5926,"date":"2024-08-09T10:13:10","date_gmt":"2024-08-09T10:13:10","guid":{"rendered":"https:\/\/psicoviure.com\/nuestro-equipo\/"},"modified":"2025-11-12T07:56:46","modified_gmt":"2025-11-12T07:56:46","slug":"el-nostre-equip","status":"publish","type":"page","link":"https:\/\/psicoviure.com\/ca\/el-nostre-equip\/","title":{"rendered":"El nostre equip"},"content":{"rendered":"<div class=\"wpb-content-wrapper\">[vc_section full_width=&#8221;stretch_row&#8221; css=&#8221;.vc_custom_1723198522470{padding-top: 80px !important;padding-bottom: 40px !important;}&#8221;][vc_row content_placement=&#8221;middle&#8221; css=&#8221;.vc_custom_1723199816111{padding-bottom: 30px !important;}&#8221;][vc_column][vc_column_text font_size=&#8221;20px&#8221; el_class=&#8221;justificar&#8221; width=&#8221;800px&#8221; text_align=&#8221;center&#8221;]\n<p style=\"text-align: justify;\"><strong>El nostre equip \u00e9s l&#8217;actiu m\u00e9s valu\u00f3s de<\/strong> <strong>Psicoviure. <\/strong>Est\u00e0 compost per professionals altament qualificades i apassionades pel benestar dels nostres pacients, combinant experi\u00e8ncia cl\u00ednica i dedicaci\u00f3 personal.<\/p>\n<p style=\"text-align: justify;\">Creiem en la import\u00e0ncia d&#8217;un enfocament integral per a la salut mental i emocional i estem compromeses a oferir el millor suport possible per a ajudar els nostres pacients a viure vides m\u00e9s equilibrades i satisfact\u00f2ries.<\/p>\n<p style=\"text-align: justify;\">Som aqu\u00ed per a acompanyar-te en el teu cam\u00ed cap a una vida m\u00e9s plena i equilibrada.<\/p>\n[\/vc_column_text][\/vc_column][\/vc_row][vc_row full_width=&#8221;stretch_row_content&#8221;][vc_column]<div class=\"vcex-module vcex-staff-grid-wrap wpex-clr\"><div class=\"wpex-row vcex-staff-grid entries wpex-clr match-height-grid\"><div class=\"staff-entry vcex-grid-item span_1_of_4 textcenter col col-1 post-5950 entry type-staff has-media translation_priority-94\"><div class=\"staff-entry-inner entry-inner wpex-first-mt-0 wpex-last-mb-0 wpex-clr\"><div class=\"staff-entry-media entry-media wpex-image-hover side-pan\"><img width=\"700\" height=\"850\" src=\"https:\/\/psicoviure.com\/wp-content\/uploads\/2013\/11\/equipo-ester.jpg\" class=\"staff-entry-media-img staff-entry-img wpex-align-middle wpex-align-middle\" alt=\"\" loading=\"lazy\" decoding=\"async\" srcset=\"https:\/\/psicoviure.com\/wp-content\/uploads\/2013\/11\/equipo-ester.jpg 700w, https:\/\/psicoviure.com\/wp-content\/uploads\/2013\/11\/equipo-ester-247x300.jpg 247w\" sizes=\"(max-width: 700px) 100vw, 700px\" \/><\/div><div class=\"staff-entry-details entry-details wpex-bordered wpex-first-mt-0 wpex-last-mb-0 wpex-clr\"><div class=\"match-height-content\"><h2 class=\"staff-entry-title entry-title wpex-mb-5\" style=\"font-size:23px;\">Esther Berloso Hermoso<\/h2><div class=\"staff-entry-position entry-position wpex-text-sm wpex-text-3 wpex-leading-snug wpex-mb-5\" style=\"font-size:16px;\">N\u00fam. Colegiada 24.302 <\/div><div class=\"staff-entry-excerpt entry-excerpt wpex-my-15 wpex-last-mb-0 wpex-clr\" style=\"font-size:16px;\">Psicoter\u00e0pia en adults, parella i adolescents.<\/div><div class=\"staff-entry-social-links wpex-clr\"><div class=\"staff-social wpex-social-btns wpex-mt-10 wpex-last-mr-0\" style=\"font-size:20px;\"><a href=\"https:\/\/www.doctoralia.es\/esther-berloso-hermoso\/psicologo\/mataro\" class=\"wpex-website wpex-social-btn wpex-social-btn-minimal wpex-social-color-hover wpex-round wpex-mr-5 wpex-mt-5\" target=\"_blank\" rel=\"noopener noreferrer\"><span class=\"ticon ticon-external-link-square\" aria-hidden=\"true\"><\/span><span class=\"screen-reader-text\">Website<\/span><\/a><\/div><\/div><\/div><\/div><\/div><\/div><div class=\"staff-entry vcex-grid-item span_1_of_4 textcenter col col-2 post-5953 entry type-staff has-media translation_priority-94\"><div class=\"staff-entry-inner entry-inner wpex-first-mt-0 wpex-last-mb-0 wpex-clr\"><div class=\"staff-entry-media entry-media wpex-image-hover side-pan\"><img width=\"700\" height=\"850\" src=\"https:\/\/psicoviure.com\/wp-content\/uploads\/2013\/11\/equipo-helena.jpg\" class=\"staff-entry-media-img staff-entry-img wpex-align-middle wpex-align-middle\" alt=\"\" loading=\"lazy\" decoding=\"async\" srcset=\"https:\/\/psicoviure.com\/wp-content\/uploads\/2013\/11\/equipo-helena.jpg 700w, https:\/\/psicoviure.com\/wp-content\/uploads\/2013\/11\/equipo-helena-247x300.jpg 247w\" sizes=\"(max-width: 700px) 100vw, 700px\" \/><\/div><div class=\"staff-entry-details entry-details wpex-bordered wpex-first-mt-0 wpex-last-mb-0 wpex-clr\"><div class=\"match-height-content\"><h2 class=\"staff-entry-title entry-title wpex-mb-5\" style=\"font-size:23px;\">Helena Castro Gea<\/h2><div class=\"staff-entry-position entry-position wpex-text-sm wpex-text-3 wpex-leading-snug wpex-mb-5\" style=\"font-size:16px;\">N\u00fam. Colegiada 28.051 <\/div><div class=\"staff-entry-excerpt entry-excerpt wpex-my-15 wpex-last-mb-0 wpex-clr\" style=\"font-size:16px;\">Psicoter\u00e0pia en adults, parella, familiar i adolescents.<\/div><div class=\"staff-entry-social-links wpex-clr\"><div class=\"staff-social wpex-social-btns wpex-mt-10 wpex-last-mr-0\" style=\"font-size:20px;\"><a href=\"https:\/\/www.doctoralia.es\/helena-castro-gea\/psicologo\/mataro\" class=\"wpex-website wpex-social-btn wpex-social-btn-minimal wpex-social-color-hover wpex-round wpex-mr-5 wpex-mt-5\" target=\"_blank\" rel=\"noopener noreferrer\"><span class=\"ticon ticon-external-link-square\" aria-hidden=\"true\"><\/span><span class=\"screen-reader-text\">Website<\/span><\/a><\/div><\/div><\/div><\/div><\/div><\/div><div class=\"staff-entry vcex-grid-item span_1_of_4 textcenter col col-3 post-5955 entry type-staff has-media translation_priority-94\"><div class=\"staff-entry-inner entry-inner wpex-first-mt-0 wpex-last-mb-0 wpex-clr\"><div class=\"staff-entry-media entry-media wpex-image-hover side-pan\"><img width=\"700\" height=\"850\" src=\"https:\/\/psicoviure.com\/wp-content\/uploads\/2013\/11\/equipo-laura.jpg\" class=\"staff-entry-media-img staff-entry-img wpex-align-middle wpex-align-middle\" alt=\"\" loading=\"lazy\" decoding=\"async\" srcset=\"https:\/\/psicoviure.com\/wp-content\/uploads\/2013\/11\/equipo-laura.jpg 700w, https:\/\/psicoviure.com\/wp-content\/uploads\/2013\/11\/equipo-laura-247x300.jpg 247w\" sizes=\"(max-width: 700px) 100vw, 700px\" \/><\/div><div class=\"staff-entry-details entry-details wpex-bordered wpex-first-mt-0 wpex-last-mb-0 wpex-clr\"><div class=\"match-height-content\"><h2 class=\"staff-entry-title entry-title wpex-mb-5\" style=\"font-size:23px;\">Laura M. Ca\u00f1adas<\/h2><div class=\"staff-entry-excerpt entry-excerpt wpex-my-15 wpex-last-mb-0 wpex-clr\" style=\"font-size:16px;\">Especialista en sexologia, psicoeducaci\u00f3 sexoafectiva i intel\u00b7lig\u00e8ncia emocional.<\/div><div class=\"staff-entry-social-links wpex-clr\"><div class=\"staff-social wpex-social-btns wpex-mt-10 wpex-last-mr-0\" style=\"font-size:20px;\"><a href=\"https:\/\/www.doctoralia.es\/laura-canadas\/sexologo-psicopedagogo-terapeuta-complementario\/mataro\" class=\"wpex-website wpex-social-btn wpex-social-btn-minimal wpex-social-color-hover wpex-round wpex-mr-5 wpex-mt-5\" target=\"_blank\" rel=\"noopener noreferrer\"><span class=\"ticon ticon-external-link-square\" aria-hidden=\"true\"><\/span><span class=\"screen-reader-text\">Website<\/span><\/a><\/div><\/div><\/div><\/div><\/div><\/div><div class=\"staff-entry vcex-grid-item span_1_of_4 textcenter col col-4 post-5957 entry type-staff has-media translation_priority-94\"><div class=\"staff-entry-inner entry-inner wpex-first-mt-0 wpex-last-mb-0 wpex-clr\"><div class=\"staff-entry-media entry-media wpex-image-hover side-pan\"><img width=\"700\" height=\"850\" src=\"https:\/\/psicoviure.com\/wp-content\/uploads\/2013\/11\/equipo-teresa.jpg\" class=\"staff-entry-media-img staff-entry-img wpex-align-middle wpex-align-middle\" alt=\"\" loading=\"lazy\" decoding=\"async\" srcset=\"https:\/\/psicoviure.com\/wp-content\/uploads\/2013\/11\/equipo-teresa.jpg 700w, https:\/\/psicoviure.com\/wp-content\/uploads\/2013\/11\/equipo-teresa-247x300.jpg 247w\" sizes=\"(max-width: 700px) 100vw, 700px\" \/><\/div><div class=\"staff-entry-details entry-details wpex-bordered wpex-first-mt-0 wpex-last-mb-0 wpex-clr\"><div class=\"match-height-content\"><h2 class=\"staff-entry-title entry-title wpex-mb-5\" style=\"font-size:23px;\">Teresa Checa Guillam\u00f3n<\/h2><div class=\"staff-entry-position entry-position wpex-text-sm wpex-text-3 wpex-leading-snug wpex-mb-5\" style=\"font-size:16px;\">N\u00fam. Colegiada 31.239<\/div><div class=\"staff-entry-excerpt entry-excerpt wpex-my-15 wpex-last-mb-0 wpex-clr\" style=\"font-size:16px;\">Psicoter\u00e0pia en adults, parella i familiar.<\/div><div class=\"staff-entry-social-links wpex-clr\"><div class=\"staff-social wpex-social-btns wpex-mt-10 wpex-last-mr-0\" style=\"font-size:20px;\"><a href=\"https:\/\/www.doctoralia.es\/teresa-checa-guillamon\/psicologo\/mataro\" class=\"wpex-website wpex-social-btn wpex-social-btn-minimal wpex-social-color-hover wpex-round wpex-mr-5 wpex-mt-5\" target=\"_blank\" rel=\"noopener noreferrer\"><span class=\"ticon ticon-external-link-square\" aria-hidden=\"true\"><\/span><span class=\"screen-reader-text\">Website<\/span><\/a><\/div><\/div><\/div><\/div><\/div><\/div><\/div><\/div>[\/vc_column][\/vc_row][\/vc_section][vc_row remove_bottom_col_margin=&#8221;true&#8221;][vc_column]<div class=\"templatera_shortcode\"><style type=\"text\/css\" data-type=\"vc_shortcodes-custom-css\">.vc_custom_1723027948391{padding-top: 0px !important;padding-bottom: 0px !important;background-color: #024932 !important;}.vc_custom_1723102107031{background-image: url(https:\/\/psicoviure.com\/wp-content\/uploads\/2024\/08\/img-about.jpg?id=4959) !important;background-position: center !important;background-repeat: no-repeat !important;background-size: cover !important;}<\/style><div data-vc-full-width=\"true\" data-vc-full-width-init=\"false\" data-vc-stretch-content=\"true\" class=\"vc_section vc_custom_1723027948391 wpex-vc_section-has-fill wpex-vc-row-stretched\"><div class=\"vc_row wpb_row vc_row-fluid vc_row-o-equal-height vc_row-o-content-middle vc_row-flex wpex-vc-has-custom-column-spacing wpex-vc-column-spacing-50 no-bottom-margins tablet-fullwidth-columns\"><div class=\"wpb_column vc_column_container vc_col-sm-6 wpex-vc_col-has-fill\"><div style=\"min-height:500px;\" class=\"vc_column-inner vc_custom_1723102107031\"><div class=\"wpb_wrapper\"><\/div><\/div><\/div><div class=\"wpb_column caixa-contacte vc_column_container vc_col-sm-6\"><div class=\"vc_column-inner\"><div class=\"wpb_wrapper\"><style>.vcex-heading.vcex_69df02f34dd95{color:#ffffff;font-size:35px;}<\/style><h2 class=\"vcex-heading vcex-heading-plain vcex-module wpex-heading wpex-text-2xl wpex-mb-20 wpex-text-left vcex_69df02f34dd95\"><span class=\"vcex-heading-inner wpex-inline-block\">Contacta'ns<\/span><\/h2><style>.vcex-list_item.vcex_69df02f34e7a2{font-size:19px;color:#ffffff;}.vcex-list_item.vcex_69df02f34e7a2 .vcex-list-item-icon-inner{color:#ffffff;}<\/style><div class=\"vcex-list_item vcex-module wpex-m-0 wpex-max-w-100 wpex-mb-15 vcex_69df02f34e7a2\"><a  href=\"https:\/\/www.google.com\/maps?ll=41.536137,2.444031&#038;z=18&#038;t=m&#038;hl=es&#038;gl=ES&#038;mapclient=embed&#038;cid=17778255198948698134\" class=\"vcex-list-item-link wpex-no-underline wpex-inherit-color\" target=\"_blank\" rel=\"nofollow noopener noreferrer\"><div class=\"vcex-list-item-inner wpex-inline-flex wpex-flex-no-wrap\"><div class=\"vcex-list-item-icon wpex-mr-10\"><div class=\"vcex-list-item-icon-inner vcex-icon-wrap wpex-inline-flex wpex-justify-center wpex-items-center wpex-leading-none wpex-child-inherit-color\"><span aria-hidden=\"true\" class=\"fas fa-map-marker-alt\"><\/span><\/div><\/div><div class=\"vcex-list-item-text vcex-content wpex-flex-grow\">C\/ de Lepant, 3-5-7, 1\u00ba4 Matar\u00f3 (Barcelona)<\/div><\/div><\/a><\/div><style>.vcex-list_item.vcex_69df02f34f03a{font-size:19px;color:#ffffff;}.vcex-list_item.vcex_69df02f34f03a .vcex-list-item-icon-inner{color:#ffffff;}<\/style><div class=\"vcex-list_item vcex-module wpex-m-0 wpex-max-w-100 wpex-mb-15 vcex_69df02f34f03a\"><a  href=\"mailto:i&#110;fo&#064;psicoviu&#114;&#101;.&#099;&#111;&#109;\" class=\"vcex-list-item-link wpex-no-underline wpex-inherit-color\" target=\"_blank\" rel=\"nofollow noopener noreferrer\"><div class=\"vcex-list-item-inner wpex-inline-flex wpex-flex-no-wrap\"><div class=\"vcex-list-item-icon wpex-mr-10\"><div class=\"vcex-list-item-icon-inner vcex-icon-wrap wpex-inline-flex wpex-justify-center wpex-items-center wpex-leading-none wpex-child-inherit-color\"><span aria-hidden=\"true\" class=\"fas fa-envelope-open\"><\/span><\/div><\/div><div class=\"vcex-list-item-text vcex-content wpex-flex-grow\">&#105;&#110;fo&#64;&#112;&#115;&#105;&#99;&#111;vi&#117;re.&#99;&#111;m<\/div><\/div><\/a><\/div><style>.vcex-list_item.vcex_69df02f34f587{font-size:19px;color:#ffffff;}.vcex-list_item.vcex_69df02f34f587 .vcex-list-item-icon-inner{color:#ffffff;}<\/style><div class=\"vcex-list_item vcex-module wpex-m-0 wpex-max-w-100 wpex-mb-15 vcex_69df02f34f587\"><a  href=\"tel:+34622572203\" class=\"vcex-list-item-link wpex-no-underline wpex-inherit-color\" target=\"_blank\" rel=\"nofollow noopener noreferrer\"><div class=\"vcex-list-item-inner wpex-inline-flex wpex-flex-no-wrap\"><div class=\"vcex-list-item-icon wpex-mr-10\"><div class=\"vcex-list-item-icon-inner vcex-icon-wrap wpex-inline-flex wpex-justify-center wpex-items-center wpex-leading-none wpex-child-inherit-color\"><span aria-hidden=\"true\" class=\"fas fa-phone-alt\"><\/span><\/div><\/div><div class=\"vcex-list-item-text vcex-content wpex-flex-grow\">622 57 22 03<\/div><\/div><\/a><\/div><style>.vcex-list_item.vcex_69df02f34fae3{font-size:19px;color:#ffffff;}.vcex-list_item.vcex_69df02f34fae3 .vcex-list-item-icon-inner{color:#ffffff;}<\/style><div class=\"vcex-list_item vcex-module wpex-m-0 wpex-max-w-100 wpex-mb-15 vcex_69df02f34fae3\"><a  href=\"tel:+34613001168\" class=\"vcex-list-item-link wpex-no-underline wpex-inherit-color\" target=\"_blank\" rel=\"nofollow noopener noreferrer\"><div class=\"vcex-list-item-inner wpex-inline-flex wpex-flex-no-wrap\"><div class=\"vcex-list-item-icon wpex-mr-10\"><div class=\"vcex-list-item-icon-inner vcex-icon-wrap wpex-inline-flex wpex-justify-center wpex-items-center wpex-leading-none wpex-child-inherit-color\"><span aria-hidden=\"true\" class=\"fas fa-phone-alt\"><\/span><\/div><\/div><div class=\"vcex-list-item-text vcex-content wpex-flex-grow\">613 00 11 68<\/div><\/div><\/a><\/div><div class=\"vcex-spacing wpex-w-100 wpex-clear\"><\/div><div class=\"wpb_gmaps_widget wpb_content_element\"><div class=\"wpb_wrapper\"><div class=\"wpb_map_wraper\"><iframe src=\"https:\/\/www.google.com\/maps\/embed?pb=!1m14!1m8!1m3!1d1493.2646167227895!2d2.444031!3d41.536137!3m2!1i1024!2i768!4f13.1!3m3!1m2!1s0x12a4b579193ff235%3A0xf6b90ce903942816!2sPsicoviure%20%7C%20Centro%20de%20Psicolog%C3%ADa%20y%20Logopedia%20en%20Matar%C3%B3%20%7C%20Psic%C3%B3logas%20especialistas%20en%20ansiedad%2C%20depresi%C3%B3n%2C%20infantil%20y%20pareja.!5e0!3m2!1ses!2ses!4v1723027822415!5m2!1ses!2ses\" width=\"600\" height=\"350\" style=\"border:0;\" allowfullscreen=\"\" loading=\"lazy\" referrerpolicy=\"no-referrer-when-downgrade\"><\/iframe><\/div><\/div><\/div><\/div><\/div><\/div><\/div><\/div><div class=\"vc_row-full-width vc_clearfix\"><\/div><\/div>[\/vc_column][\/vc_row]\n<\/div>","protected":false},"excerpt":{"rendered":"","protected":false},"author":1,"featured_media":0,"parent":0,"menu_order":0,"comment_status":"closed","ping_status":"closed","template":"","meta":{"footnotes":""},"class_list":["post-5926","page","type-page","status-publish","hentry","entry","has-media"],"yoast_head":"<!-- This site is optimized with the Yoast SEO plugin v23.4 - https:\/\/yoast.com\/wordpress\/plugins\/seo\/ -->\n<title>El nostre equip - Psicoviure<\/title>\n<meta name=\"robots\" content=\"index, follow, max-snippet:-1, max-image-preview:large, max-video-preview:-1\" \/>\n<link rel=\"canonical\" href=\"https:\/\/psicoviure.com\/ca\/el-nostre-equip\/\" \/>\n<meta property=\"og:locale\" content=\"ca_ES\" \/>\n<meta property=\"og:type\" content=\"article\" \/>\n<meta property=\"og:title\" content=\"El nostre equip - Psicoviure\" \/>\n<meta property=\"og:url\" content=\"https:\/\/psicoviure.com\/ca\/el-nostre-equip\/\" \/>\n<meta property=\"og:site_name\" content=\"Psicoviure\" \/>\n<meta property=\"article:modified_time\" content=\"2025-11-12T07:56:46+00:00\" \/>\n<meta name=\"twitter:card\" content=\"summary_large_image\" \/>\n<meta name=\"twitter:label1\" content=\"Temps estimat de lectura\" \/>\n\t<meta name=\"twitter:data1\" content=\"1 minut\" \/>\n<script type=\"application\/ld+json\" class=\"yoast-schema-graph\">{\"@context\":\"https:\/\/schema.org\",\"@graph\":[{\"@type\":\"WebPage\",\"@id\":\"https:\/\/psicoviure.com\/ca\/el-nostre-equip\/\",\"url\":\"https:\/\/psicoviure.com\/ca\/el-nostre-equip\/\",\"name\":\"El nostre equip - Psicoviure\",\"isPartOf\":{\"@id\":\"https:\/\/psicoviure.com\/#website\"},\"datePublished\":\"2024-08-09T10:13:10+00:00\",\"dateModified\":\"2025-11-12T07:56:46+00:00\",\"breadcrumb\":{\"@id\":\"https:\/\/psicoviure.com\/ca\/el-nostre-equip\/#breadcrumb\"},\"inLanguage\":\"ca\",\"potentialAction\":[{\"@type\":\"ReadAction\",\"target\":[\"https:\/\/psicoviure.com\/ca\/el-nostre-equip\/\"]}]},{\"@type\":\"BreadcrumbList\",\"@id\":\"https:\/\/psicoviure.com\/ca\/el-nostre-equip\/#breadcrumb\",\"itemListElement\":[{\"@type\":\"ListItem\",\"position\":1,\"name\":\"Home\",\"item\":\"https:\/\/psicoviure.com\/ca\/\"},{\"@type\":\"ListItem\",\"position\":2,\"name\":\"El nostre equip\"}]},{\"@type\":\"WebSite\",\"@id\":\"https:\/\/psicoviure.com\/#website\",\"url\":\"https:\/\/psicoviure.com\/\",\"name\":\"Psicoviure\",\"description\":\"Centro de Psicolog\u00eda y Logopedia en Matar\u00f3\",\"publisher\":{\"@id\":\"https:\/\/psicoviure.com\/#organization\"},\"potentialAction\":[{\"@type\":\"SearchAction\",\"target\":{\"@type\":\"EntryPoint\",\"urlTemplate\":\"https:\/\/psicoviure.com\/?s={search_term_string}\"},\"query-input\":{\"@type\":\"PropertyValueSpecification\",\"valueRequired\":true,\"valueName\":\"search_term_string\"}}],\"inLanguage\":\"ca\"},{\"@type\":\"Organization\",\"@id\":\"https:\/\/psicoviure.com\/#organization\",\"name\":\"Psicoviure\",\"url\":\"https:\/\/psicoviure.com\/\",\"logo\":{\"@type\":\"ImageObject\",\"inLanguage\":\"ca\",\"@id\":\"https:\/\/psicoviure.com\/#\/schema\/logo\/image\/\",\"url\":\"https:\/\/psicoviure.com\/wp-content\/uploads\/2024\/08\/logo.png\",\"contentUrl\":\"https:\/\/psicoviure.com\/wp-content\/uploads\/2024\/08\/logo.png\",\"width\":476,\"height\":217,\"caption\":\"Psicoviure\"},\"image\":{\"@id\":\"https:\/\/psicoviure.com\/#\/schema\/logo\/image\/\"}}]}<\/script>\n<!-- \/ Yoast SEO plugin. -->","yoast_head_json":{"title":"El nostre equip - Psicoviure","robots":{"index":"index","follow":"follow","max-snippet":"max-snippet:-1","max-image-preview":"max-image-preview:large","max-video-preview":"max-video-preview:-1"},"canonical":"https:\/\/psicoviure.com\/ca\/el-nostre-equip\/","og_locale":"ca_ES","og_type":"article","og_title":"El nostre equip - Psicoviure","og_url":"https:\/\/psicoviure.com\/ca\/el-nostre-equip\/","og_site_name":"Psicoviure","article_modified_time":"2025-11-12T07:56:46+00:00","twitter_card":"summary_large_image","twitter_misc":{"Temps estimat de lectura":"1 minut"},"schema":{"@context":"https:\/\/schema.org","@graph":[{"@type":"WebPage","@id":"https:\/\/psicoviure.com\/ca\/el-nostre-equip\/","url":"https:\/\/psicoviure.com\/ca\/el-nostre-equip\/","name":"El nostre equip - Psicoviure","isPartOf":{"@id":"https:\/\/psicoviure.com\/#website"},"datePublished":"2024-08-09T10:13:10+00:00","dateModified":"2025-11-12T07:56:46+00:00","breadcrumb":{"@id":"https:\/\/psicoviure.com\/ca\/el-nostre-equip\/#breadcrumb"},"inLanguage":"ca","potentialAction":[{"@type":"ReadAction","target":["https:\/\/psicoviure.com\/ca\/el-nostre-equip\/"]}]},{"@type":"BreadcrumbList","@id":"https:\/\/psicoviure.com\/ca\/el-nostre-equip\/#breadcrumb","itemListElement":[{"@type":"ListItem","position":1,"name":"Home","item":"https:\/\/psicoviure.com\/ca\/"},{"@type":"ListItem","position":2,"name":"El nostre equip"}]},{"@type":"WebSite","@id":"https:\/\/psicoviure.com\/#website","url":"https:\/\/psicoviure.com\/","name":"Psicoviure","description":"Centro de Psicolog\u00eda y Logopedia en Matar\u00f3","publisher":{"@id":"https:\/\/psicoviure.com\/#organization"},"potentialAction":[{"@type":"SearchAction","target":{"@type":"EntryPoint","urlTemplate":"https:\/\/psicoviure.com\/?s={search_term_string}"},"query-input":{"@type":"PropertyValueSpecification","valueRequired":true,"valueName":"search_term_string"}}],"inLanguage":"ca"},{"@type":"Organization","@id":"https:\/\/psicoviure.com\/#organization","name":"Psicoviure","url":"https:\/\/psicoviure.com\/","logo":{"@type":"ImageObject","inLanguage":"ca","@id":"https:\/\/psicoviure.com\/#\/schema\/logo\/image\/","url":"https:\/\/psicoviure.com\/wp-content\/uploads\/2024\/08\/logo.png","contentUrl":"https:\/\/psicoviure.com\/wp-content\/uploads\/2024\/08\/logo.png","width":476,"height":217,"caption":"Psicoviure"},"image":{"@id":"https:\/\/psicoviure.com\/#\/schema\/logo\/image\/"}}]}},"_links":{"self":[{"href":"https:\/\/psicoviure.com\/ca\/wp-json\/wp\/v2\/pages\/5926"}],"collection":[{"href":"https:\/\/psicoviure.com\/ca\/wp-json\/wp\/v2\/pages"}],"about":[{"href":"https:\/\/psicoviure.com\/ca\/wp-json\/wp\/v2\/types\/page"}],"author":[{"embeddable":true,"href":"https:\/\/psicoviure.com\/ca\/wp-json\/wp\/v2\/users\/1"}],"replies":[{"embeddable":true,"href":"https:\/\/psicoviure.com\/ca\/wp-json\/wp\/v2\/comments?post=5926"}],"version-history":[{"count":9,"href":"https:\/\/psicoviure.com\/ca\/wp-json\/wp\/v2\/pages\/5926\/revisions"}],"predecessor-version":[{"id":6340,"href":"https:\/\/psicoviure.com\/ca\/wp-json\/wp\/v2\/pages\/5926\/revisions\/6340"}],"wp:attachment":[{"href":"https:\/\/psicoviure.com\/ca\/wp-json\/wp\/v2\/media?parent=5926"}],"curies":[{"name":"wp","href":"https:\/\/api.w.org\/{rel}","templated":true}]}}